{"id":1401,"date":"2019-06-29T05:22:22","date_gmt":"2019-06-29T05:22:22","guid":{"rendered":"https:\/\/demo.casethemes.net\/bizkar\/?page_id=1401"},"modified":"2025-05-26T08:26:20","modified_gmt":"2025-05-26T08:26:20","slug":"home-fluewo-service-produkte","status":"publish","type":"page","link":"https:\/\/www.fluewo-service.de\/produkte\/","title":{"rendered":"HOME-FLUEWO-SERVICE-PRODUKTE"},"content":{"rendered":"<div class=\"wpb-content-wrapper\"><p>[vc_row full_width=&#8221;stretch_row_content_no_spaces&#8221;][vc_column css=&#8221;.vc_custom_1562250488368{padding-top: 0px !important;}&#8221;]\n\t\t\t\t<p class=\"rs-p-wp-fix\"><\/p>\n\t\t\t\t<sr7-module data-alias=\"service-produktwahl\" data-id=\"7\" id=\"SR7_7_1\" class=\"rs-ov-hidden\" data-version=\"6.7.15\">\n\t\t\t\t\t<sr7-adjuster><\/sr7-adjuster>\n\t\t\t\t\t<sr7-content>\n\t\t\t\t\t\t<sr7-slide id=\"SR7_7_1-10\" data-key=\"10\">\n\t\t\t\t\t\t\t<sr7-bg id=\"SR7_7_1-10-7\" class=\"sr7-layer\"><noscript><img decoding=\"async\" src=\"https:\/\/www.fluewo-service.de\/bs\/produkte\/wp-content\/uploads\/2025\/05\/family-site-main.jpg\" alt=\"\" title=\"family-site-main\"><\/noscript><\/sr7-bg>\n\t\t\t\t\t\t\t<sr7-txt id=\"SR7_7_1-10-3\" class=\"sr7-layer\">Versicherungen und Solarenergie vom Balkon<br \/> \u2013 einfach integriert in jedes Zuhause.<\/sr7-txt>\n\t\t\t\t\t\t\t<sr7-txt id=\"SR7_7_1-10-4\" class=\"sr7-layer\">Sicher wohnen. .<br \/>Smart leben<\/sr7-txt>\n\t\t\t\t\t\t\t<sr7-txt id=\"SR7_7_1-10-6\" class=\"sr7-layer\">MEHR ERFAHREN<\/sr7-txt>\n\t\t\t\t\t\t<\/sr7-slide>\n\t\t\t\t\t\t<sr7-slide id=\"SR7_7_1-12\" data-key=\"12\">\n\t\t\t\t\t\t<\/sr7-slide>\n\t\t\t\t\t<\/sr7-content>\n\t\t\t\t\t<image_lists style=\"display:none\">\n\t\t\t\t\t\t<img data-src=\"\/\/www.fluewo-service.de\/bs\/produkte\/wp-content\/uploads\/2025\/05\/family-site-main.jpg\" data-libid=\"2346\" data-lib=\"medialibrary\" title=\"family-site-main\" width=\"0\" height=\"0\" data-dbsrc=\"Ly93d3cuZmx1ZXdvLXNlcnZpY2UuZGUvYnMvcHJvZHVrdGUvd3AtY29udGVudC91cGxvYWRzLzIwMjUvMDUvZmFtaWx5LXNpdGUtbWFpbi5qcGc=\"\/>\n\t\t\t\t\t<\/image_lists>\n\t\t\t\t<\/sr7-module>\n\t\t\t\t<script>\n\t\t\t\t\tSR7.PMH ??={}; SR7.PMH[\"SR7_7_1\"] = {cn:0,state:false,fn: function() { if (_tpt!==undefined && _tpt.prepareModuleHeight !== undefined) {  _tpt.prepareModuleHeight({id:\"SR7_7_1\",el:[900,900,800,700,540],type:'standard',shdw:'0',gh:[900,900,800,700,540],gw:[1170,1170,1024,778,480],vpt:['100px&#039;,&#039;100px&#039;,&#039;100px&#039;,&#039;100px&#039;,&#039;100px'],size:{fullWidth:true, fullHeight:true},fho:'#wpadminbar,',mh:'480',onh:0,onw:0,bg:{color:'{\"orig\":\"transparent\",\"type\":\"solid\",\"string\":\"transparent\"}'},plType:'0',plColor:'#FFFFFF'});   SR7.PMH[\"SR7_7_1\"].state=true;} else if((SR7.PMH[\"SR7_7_1\"].cn++)<100)\tsetTimeout( SR7.PMH[\"SR7_7_1\"].fn,19);}};SR7.PMH[\"SR7_7_1\" ].fn();\n\t\t\t\t<\/script>\n[\/vc_column][\/vc_row][vc_row css=&#8221;.vc_custom_1733467987131{margin-top: 126px !important;}&#8221;][vc_column][ct_heading text=&#8221;W\u00e4hlen Sie Ihr Produkt&#8221; align_lg=&#8221;align-center&#8221; align_md=&#8221;align-center-md&#8221; align_sm=&#8221;align-center-sm&#8221; align_xs=&#8221;align-center-xs&#8221; font_weight=&#8221;&#8221; font_style=&#8221;&#8221; custom_fonts=&#8221;true&#8221; google_fonts=&#8221;font_family:Lato%3A100%2C100italic%2C300%2C300italic%2Cregular%2Citalic%2C700%2C700italic%2C900%2C900italic|font_style:900%20bold%20regular%3A900%3Anormal&#8221; divider=&#8221;style3&#8243; subtitle=&#8221;Innovative Technologien f\u00fcr Eigenstrom im Haushalt&#8221; subtitle_color=&#8221;#7352e3&#8243; description=&#8221;Balkonkraftwerke sind kompakte Solaranlagen, die direkt am Balkon installiert werden und einen Teil Ihres Strombedarfs decken. Dank einfacher Installation und niedriger H\u00fcrden k\u00f6nnen auch Menschen ohne Eigentum auf umweltfreundlichen Strom setzen. Besonders in Zeiten steigender Energiekosten bieten Balkonkraftwerke eine attraktive L\u00f6sung f\u00fcr mehr Unabh\u00e4ngigkeit und Klimaschutz. Erg\u00e4nzt durch den passenden Versicherungsschutz \u2013 etwa f\u00fcr Hausrat oder m\u00f6gliche Sch\u00e4den \u2013 entsteht ein rundum sicheres und nachhaltiges Energiekonzept f\u00fcr Ihr Zuhause.&#8221; font_weight_desc=&#8221;&#8221; margin_bottom=&#8221;0&#8243;][\/vc_column][vc_column width=&#8221;1\/2&#8243; css=&#8221;.vc_custom_1733468215716{padding-top: 80px !important;padding-bottom: 126px !important;}&#8221;][ct_single_image image=&#8221;2343&#8243; image_link=&#8221;url:https%3A%2F%2Fwww.fluewo-service.de%2Fprodukte%2Fversicherung%2F|title:Versicherung&#8221; block_revealers=&#8221;yes&#8221; direction=&#8221;tb&#8221; overlay_color=&#8221;rgba(115,82,227,0.45)&#8221;][vc_empty_space height=&#8221;22px&#8221;][ct_button button_text=&#8221;Hausrat- und Haftplichtversicherung&#8221; button_link=&#8221;url:https%3A%2F%2Fwww.fluewo-service.de%2Fprodukte%2Fversicherung%2F|title:Versicherung%20-%20MVK%20Versicherungen%20VVaG%20|target:_blank&#8221; button_style=&#8221;btn-secondary&#8221; button_size=&#8221;size-lg&#8221; icon_fontawesome=&#8221;fas fa-arrow-right&#8221;][\/vc_column][vc_column width=&#8221;1\/2&#8243; css=&#8221;.vc_custom_1733468228789{padding-top: 80px !important;padding-bottom: 126px !important;}&#8221;][ct_single_image image=&#8221;2264&#8243; block_revealers=&#8221;yes&#8221; direction=&#8221;tb&#8221; overlay_color=&#8221;rgba(115,82,227,0.45)&#8221;][vc_empty_space height=&#8221;22px&#8221;][ct_button button_text=&#8221;Balkonkraftwerk von HKM Service GmbH&#8221; button_link=&#8221;url:https%3A%2F%2Fwww.fluewo-service.de%2Fprodukte%2Fhome-fluewo-service-balkonkraftwerk%2F|title:Home-Fluewo-Service-Wallbox&#8221; button_style=&#8221;btn-secondary&#8221; button_size=&#8221;size-lg&#8221; icon_fontawesome=&#8221;fas fa-arrow-right&#8221;][\/vc_column][\/vc_row]<\/p>\n<\/div>","protected":false},"excerpt":{"rendered":"<p>[vc_row full_width=&#8221;stretch_row_content_no_spaces&#8221;][vc_column css=&#8221;.vc_custom_1562250488368{padding-top: 0px !important;}&#8221;][\/vc_column][\/vc_row][vc_row css=&#8221;.vc_custom_1733467987131{margin-top: 126px !important;}&#8221;][vc_column][ct_heading text=&#8221;W\u00e4hlen Sie Ihr Produkt&#8221; align_lg=&#8221;align-center&#8221; align_md=&#8221;align-center-md&#8221; align_sm=&#8221;align-center-sm&#8221; align_xs=&#8221;align-center-xs&#8221; font_weight=&#8221;&#8221; font_style=&#8221;&#8221; custom_fonts=&#8221;true&#8221; google_fonts=&#8221;font_family:Lato%3A100%2C100italic%2C300%2C300italic%2Cregular%2Citalic%2C700%2C700italic%2C900%2C900italic|font_style:900%20bold%20regular%3A900%3Anormal&#8221; divider=&#8221;style3&#8243; subtitle=&#8221;Innovative Technologien f\u00fcr Eigenstrom im Haushalt&#8221; subtitle_color=&#8221;#7352e3&#8243; description=&#8221;Balkonkraftwerke sind kompakte Solaranlagen, die direkt am Balkon installiert werden und einen Teil Ihres Strombedarfs decken. Dank einfacher Installation und niedriger H\u00fcrden k\u00f6nnen auch Menschen ohne Eigentum [&hellip;]<\/p>\n","protected":false},"author":1,"featured_media":0,"parent":0,"menu_order":0,"comment_status":"closed","ping_status":"closed","template":"","meta":{"footnotes":""},"class_list":["post-1401","page","type-page","status-publish","hentry"],"_links":{"self":[{"href":"https:\/\/www.fluewo-service.de\/produkte\/wp-json\/wp\/v2\/pages\/1401","targetHints":{"allow":["GET"]}}],"collection":[{"href":"https:\/\/www.fluewo-service.de\/produkte\/wp-json\/wp\/v2\/pages"}],"about":[{"href":"https:\/\/www.fluewo-service.de\/produkte\/wp-json\/wp\/v2\/types\/page"}],"author":[{"embeddable":true,"href":"https:\/\/www.fluewo-service.de\/produkte\/wp-json\/wp\/v2\/users\/1"}],"replies":[{"embeddable":true,"href":"https:\/\/www.fluewo-service.de\/produkte\/wp-json\/wp\/v2\/comments?post=1401"}],"version-history":[{"count":33,"href":"https:\/\/www.fluewo-service.de\/produkte\/wp-json\/wp\/v2\/pages\/1401\/revisions"}],"predecessor-version":[{"id":2352,"href":"https:\/\/www.fluewo-service.de\/produkte\/wp-json\/wp\/v2\/pages\/1401\/revisions\/2352"}],"wp:attachment":[{"href":"https:\/\/www.fluewo-service.de\/produkte\/wp-json\/wp\/v2\/media?parent=1401"}],"curies":[{"name":"wp","href":"https:\/\/api.w.org\/{rel}","templated":true}]}}