{"id":2300,"date":"2025-05-14T09:15:25","date_gmt":"2025-05-14T09:15:25","guid":{"rendered":"https:\/\/www.fluewo-service.de\/produkte\/?page_id=2300"},"modified":"2025-09-18T11:17:34","modified_gmt":"2025-09-18T11:17:34","slug":"versicherung","status":"publish","type":"page","link":"https:\/\/www.fluewo-service.de\/produkte\/versicherung\/","title":{"rendered":"Versicherung"},"content":{"rendered":"<div class=\"wpb-content-wrapper\"><p>[vc_row full_width=&#8221;stretch_row_content_no_spaces&#8221; el_id=&#8221;section-home&#8221;][vc_column css=&#8221;.vc_custom_1561985247645{padding-top: 0px !important;}&#8221;]\n\t\t\t\t<p class=\"rs-p-wp-fix\"><\/p>\n\t\t\t\t<sr7-module data-alias=\"home-versicherung\" data-id=\"8\" id=\"SR7_8_1\" class=\"rs-ov-hidden\" data-version=\"6.7.15\">\n\t\t\t\t\t<sr7-adjuster><\/sr7-adjuster>\n\t\t\t\t\t<sr7-content>\n\t\t\t\t\t\t<sr7-slide id=\"SR7_8_1-13\" data-key=\"13\">\n\t\t\t\t\t\t\t<sr7-bg id=\"SR7_8_1-13-16\" class=\"sr7-layer\"><noscript><img decoding=\"async\" src=\"https:\/\/www.fluewo-service.de\/bs\/produkte\/wp-content\/uploads\/2025\/05\/slide-versicherung_2.png\" alt=\"\" title=\"slide-versicherung_2\"><\/noscript><\/sr7-bg>\n\t\t\t\t\t\t\t<sr7-txt id=\"SR7_8_1-13-10\" class=\"sr7-layer\">Gut versichert<\/sr7-txt>\n\t\t\t\t\t\t\t<sr7-txt id=\"SR7_8_1-13-11\" class=\"sr7-layer\">im Mietalltag<\/sr7-txt>\n\t\t\t\t\t\t\t<sr7-txt id=\"SR7_8_1-13-12\" class=\"sr7-layer\">Ma\u00dfgeschneiderte Versicherung rund ums Wohnen <br \/>\u2013 speziell f\u00fcr FL\u00dcWO-Mieter<\/sr7-txt>\n\t\t\t\t\t\t\t<sr7-txt id=\"SR7_8_1-13-13\" class=\"sr7-layer\"><span class=\"btn btn-outline-white\">WEITER <i class=\"far fac-angle-double-right\"><\/i><\/span><\/sr7-txt>\n\t\t\t\t\t\t<\/sr7-slide>\n\t\t\t\t\t\t<sr7-slide id=\"SR7_8_1-15\" data-key=\"15\">\n\t\t\t\t\t\t<\/sr7-slide>\n\t\t\t\t\t<\/sr7-content>\n\t\t\t\t\t<image_lists style=\"display:none\">\n\t\t\t\t\t\t<img data-src=\"\/\/www.fluewo-service.de\/bs\/produkte\/wp-content\/uploads\/2025\/05\/sidebar-3.png\" data-libid=\"2305\" data-lib=\"medialibrary\" title=\"sidebar-3\" width=\"0\" height=\"0\" data-dbsrc=\"Ly93d3cuZmx1ZXdvLXNlcnZpY2UuZGUvYnMvcHJvZHVrdGUvd3AtY29udGVudC91cGxvYWRzLzIwMjUvMDUvc2lkZWJhci0zLnBuZw==\"\/>\n\t\t\t\t\t\t<img data-src=\"\/\/www.fluewo-service.de\/bs\/produkte\/wp-content\/uploads\/2025\/05\/slide-versicherung_2.png\" data-libid=\"2307\" data-lib=\"medialibrary\" title=\"slide-versicherung_2\" width=\"0\" height=\"0\" data-dbsrc=\"Ly93d3cuZmx1ZXdvLXNlcnZpY2UuZGUvYnMvcHJvZHVrdGUvd3AtY29udGVudC91cGxvYWRzLzIwMjUvMDUvc2xpZGUtdmVyc2ljaGVydW5nXzIucG5n\"\/>\n\t\t\t\t\t<\/image_lists>\n\t\t\t\t<\/sr7-module>\n\t\t\t\t<script>\n\t\t\t\t\tSR7.PMH ??={}; SR7.PMH[\"SR7_8_1\"] = {cn:0,state:false,fn: function() { if (_tpt!==undefined && _tpt.prepareModuleHeight !== undefined) {  _tpt.prepareModuleHeight({id:\"SR7_8_1\",el:[1216,1216,800,760,640],type:'standard',shdw:'0',gh:[1216,1216,800,760,640],gw:[1530,1530,1281,991,768],vpt:['100px&#039;,&#039;100px&#039;,&#039;100px&#039;,&#039;100px&#039;,&#039;100px'],size:{fullWidth:true, fullHeight:false},mh:'0',onh:0,onw:0,bg:{color:'{\"orig\":\"transparent\",\"type\":\"solid\",\"string\":\"transparent\"}'},plType:'2',plColor:'#FFFFFF'});   SR7.PMH[\"SR7_8_1\"].state=true;} else if((SR7.PMH[\"SR7_8_1\"].cn++)<100)\tsetTimeout( SR7.PMH[\"SR7_8_1\"].fn,19);}};SR7.PMH[\"SR7_8_1\" ].fn();\n\t\t\t\t<\/script>\n[\/vc_column][\/vc_row][vc_row][vc_column css=&#8221;.vc_custom_1611743023282{padding-top: 121px !important;padding-bottom: 0px !important;}&#8221;][vc_row_inner][vc_column_inner width=&#8221;1\/6&#8243; css=&#8221;.vc_custom_1561709366730{padding-top: 0px !important;}&#8221;][\/vc_column_inner][vc_column_inner width=&#8221;2\/3&#8243; ct_column_inner_class=&#8221;rm-padding-lg&#8221; css=&#8221;.vc_custom_1729161752175{padding-top: 0px !important;padding-right: 20px !important;padding-left: 20px !important;}&#8221;][ct_heading text=&#8221;Hausrat- und Haftpflichtschutz&#8221; align_lg=&#8221;align-center&#8221; align_md=&#8221;align-center-md&#8221; align_sm=&#8221;align-center-sm&#8221; align_xs=&#8221;align-center-xs&#8221; font_weight=&#8221;&#8221; font_style=&#8221;&#8221; custom_fonts=&#8221;true&#8221; google_fonts=&#8221;font_family:Lato%3A100%2C100italic%2C300%2C300italic%2Cregular%2Citalic%2C700%2C700italic%2C900%2C900italic|font_style:900%20bold%20regular%3A900%3Anormal&#8221; divider=&#8221;style3&#8243; subtitle=&#8221;Sicher durch den Alltag \u2013 mit dem passenden Schutz&#8221; subtitle_color=&#8221;#7352e3&#8243; description=&#8221;Ein Wasserschaden, ein Wohnungsbrand oder ein kleiner Unfall \u2013 Sch\u00e4den in der Wohnung oder durch eigenes Missgeschick passieren schneller, als man denkt. Gut, wenn Sie dann die richtige Versicherung an Ihrer Seite haben. Mit der Hausrat- und der privaten Haftpflichtversicherung sch\u00fctzen Sie sich vor hohen Kosten und sind bestens abgesichert \u2013 f\u00fcr Ihr Zuhause und Ihre finanzielle Sicherheit.&#8221; font_weight_desc=&#8221;&#8221; margin_bottom=&#8221;0&#8243;][\/vc_column_inner][vc_column_inner width=&#8221;1\/6&#8243; css=&#8221;.vc_custom_1561709374582{padding-top: 0px !important;}&#8221;][\/vc_column_inner][\/vc_row_inner][\/vc_column][vc_column][vc_empty_space height=&#8221;70px&#8221;][\/vc_column][\/vc_row][vc_row ct_row_class=&#8221;rm-margin-lg&#8221; css=&#8221;.vc_custom_1729248015099{margin-right: -60px !important;margin-left: -60px !important;padding-bottom: 30px !important;}&#8221; el_id=&#8221;easycharge&#8221;][vc_column width=&#8221;1\/3&#8243;][ct_fancybox cms_template=&#8221;ct_fancybox&#8211;layout5.php&#8221; title_color=&#8221;#1c2e45&#8243; description_color=&#8221;#7352e3&#8243; icon_type=&#8221;image&#8221; icon_image=&#8221;2319&#8243; title=&#8221;Umfassender Schutz f\u00fcr Ihr Zuhause&#8221; title_font_size=&#8221;18&#8243; description=&#8221;Hausratversicherung f\u00fcr M\u00f6bel, Technik, Kleidung &amp; mehr bei Feuer, Wasser, Einbruch oder Sturm.&#8221;][\/vc_column][vc_column width=&#8221;1\/3&#8243;][ct_fancybox cms_template=&#8221;ct_fancybox&#8211;layout5.php&#8221; title_color=&#8221;#1c2e45&#8243; description_color=&#8221;#7352e3&#8243; icon_type=&#8221;image&#8221; icon_image=&#8221;2320&#8243; title=&#8221;Sicherheit bei Missgeschicken&#8221; title_font_size=&#8221;18&#8243; description=&#8221;Haftpflichtversicherung sch\u00fctzt Sie bei Sch\u00e4den, die Sie anderen versehentlich zuf\u00fcgen&#8221;][\/vc_column][vc_column width=&#8221;1\/3&#8243;][ct_fancybox cms_template=&#8221;ct_fancybox&#8211;layout5.php&#8221; title_color=&#8221;#1c2e45&#8243; description_color=&#8221;#7352e3&#8243; icon_type=&#8221;image&#8221; icon_image=&#8221;2321&#8243; title=&#8221;Vorteile f\u00fcr FL\u00dcWO-Mieter&#8221; title_font_size=&#8221;18&#8243; description=&#8221;Tarife &amp; Leistungen mit gepr\u00fcfter Qualit\u00e4t und starkem Preis-Leistungs-Verh\u00e4ltnis.&#8221;][\/vc_column][\/vc_row][vc_row full_width=&#8221;stretch_row_content_no_spaces&#8221; ct_row_class=&#8221;row-visible&#8221; css=&#8221;.vc_custom_1729238121593{padding-top: 60px !important;}&#8221;][vc_column width=&#8221;5\/12&#8243; ct_column_class=&#8221;rm-padding-lg&#8221; css=&#8221;.vc_custom_1747293860771{padding-top: 0px !important;padding-right: 75px !important;}&#8221;][vc_single_image image=&#8221;2329&#8243; img_size=&#8221;full&#8221; alignment=&#8221;right&#8221; css_animation=&#8221;fadeInLeft&#8221; css=&#8221;.vc_custom_1747303153189{margin-bottom: 0px !important;}&#8221; ct_image_align_md=&#8221;image_align_sm_center&#8221; ct_image_align=&#8221;image_align_xs_center&#8221; el_class=&#8221;rm-margin-lg&#8221;][ct_image_section image=&#8221;1985&#8243; hide_md=&#8221;hidde-md&#8221; hide_sm=&#8221;hidde-sm&#8221; el_parallax=&#8221;yes&#8221; p_bottom=&#8221;0px&#8221; p_left=&#8221;-344px&#8221;][\/vc_column][vc_column width=&#8221;7\/12&#8243; ct_column_class=&#8221;rm-padding-lg&#8221; ct_column_offset=&#8221;col-offset-right&#8221; css=&#8221;.vc_custom_1747293867707{padding-top: 0px !important;padding-left: 15px !important;}&#8221;][vc_empty_space height=&#8221;40px&#8221;][ct_heading text=&#8221;MVK Versicherungen VVaG&#8221; font_weight=&#8221;&#8221; font_style=&#8221;&#8221; custom_fonts=&#8221;true&#8221; google_fonts=&#8221;font_family:Lato%3A100%2C100italic%2C300%2C300italic%2Cregular%2Citalic%2C700%2C700italic%2C900%2C900italic|font_style:900%20bold%20regular%3A900%3Anormal&#8221; divider=&#8221;style3&#8243; subtitle=&#8221;UNSERE EMPFEHLUNG&#8221; subtitle_color=&#8221;#7352e3&#8243; description=&#8221;Wir selbst sind kein Versicherungsanbieter und verkaufen keine Versicherungen. Doch als Unternehmen m\u00f6chten wir unseren Mieterinnen und Mietern den Zugang zu passenden und bew\u00e4hrten L\u00f6sungen erleichtern. Die MVK ist ein unabh\u00e4ngiger Versicherer, mehrfach ausgezeichnet und spezialisiert auf leistungsstarke Tarife im Bereich Hausrat- und Haftpflichtversicherung \u2013 besonders geeignet f\u00fcr die Bed\u00fcrfnisse von Mieterhaushalten.<\/p>\n<p>Unsere Empfehlung: Wer auf der Suche nach soliden Leistungen, fairen Konditionen und gutem Kundenservice ist, sollte sich das Angebot der MVK genauer ansehen. \u00dcber den untenstehenden Link gelangen Sie direkt zur Partnerseite mit allen Informationen und Online-Abschlussm\u00f6glichkeiten.&#8221; font_weight_desc=&#8221;&#8221; margin_bottom=&#8221;0&#8243;][ct_button button_text=&#8221;zur MVK Versicherung&#8221; button_link=&#8221;url:https%3A%2F%2Fwww.mvk-versicherung.de%2Fde%2Flandingpages%2Ffluewo|target:_blank&#8221;][\/vc_column][\/vc_row][vc_row full_width=&#8221;stretch_row&#8221; ct_row_class=&#8221;row-bg-gradient&#8221; css=&#8221;.vc_custom_1747303385482{margin-top: 120px !important;padding-top: 100px !important;padding-bottom: 100px !important;}&#8221; el_id=&#8221;preise&#8221;][vc_column][ct_heading text=&#8221;Welche Versicherung brauchen Sie wirklich?&#8221; align_lg=&#8221;align-center&#8221; font_weight=&#8221;&#8221; font_style=&#8221;&#8221; text_color=&#8221;#ffffff&#8221; custom_fonts=&#8221;true&#8221; google_fonts=&#8221;font_family:Lato%3A100%2C100italic%2C300%2C300italic%2Cregular%2Citalic%2C700%2C700italic%2C900%2C900italic|font_style:900%20bold%20regular%3A900%3Anormal&#8221; divider=&#8221;style3&#8243; subtitle=&#8221;Der Vergleich: Hausrat-, und Haftpflichtversicherung im \u00dcberblick&#8221; subtitle_color=&#8221;#7352e3&#8243; font_weight_desc=&#8221;&#8221; margin_bottom=&#8221;0&#8243;][\/vc_column][vc_column width=&#8221;1\/2&#8243;][ct_pricing title=&#8221;Hausratversicherung&#8221; description=&#8221;%5B%7B%22description_item%22%3A%22Deckt%20Sch%C3%A4den%20an%20Ihrem%20Eigentum%20in%20der%20Wohnung%22%7D%2C%7B%22description_item%22%3A%22Sch%C3%BCtzt%20M%C3%B6bel%2C%20Kleidung%2C%20Technik%2C%20Fahrrad%20usw.%22%7D%2C%7B%22description_item%22%3A%22Versichert%20Feuer%2C%20Leitungswasser%2C%20Einbruch%2C%20Sturm%22%7D%2C%7B%22description_item%22%3A%22%C3%9Cbernimmt%20Reparatur-%20oder%20Wiederbeschaffungskosten%22%7D%2C%7B%22description_item%22%3A%22Sinnvoll%20f%C3%BCr%20alle%20Mieter%22%7D%5D&#8221; text_button=&#8221;zur MVK Versicherung&#8221; link_button=&#8221;url:https%3A%2F%2Fwww.mvk-versicherung.de%2Fde%2Flandingpages%2Ffluewo|title:zur%20MVK%20Versicherung|target:_blank&#8221; style=&#8221;style2&#8243;][\/vc_column][vc_column width=&#8221;1\/2&#8243;][ct_pricing title=&#8221;Haftpflichtversicherung&#8221; description=&#8221;%5B%7B%22description_item%22%3A%22Deckt%20Sch%C3%A4den%2C%20die%20Sie%20anderen%20unbeabsichtigt%20zuf%C3%BCgen%22%7D%2C%7B%22description_item%22%3A%22Sch%C3%BCtzt%20bei%20Schl%C3%BCsselverlust%2C%20Umzugssch%C3%A4den%2C%20Missgeschicken%22%7D%2C%7B%22description_item%22%3A%22Verhindert%20teure%20Haftung%20mit%20dem%20eigenen%20Verm%C3%B6gen%22%7D%2C%7B%22description_item%22%3A%22Bietet%20weltweiten%20Schutz%2C%20je%20nach%20Tarif%22%7D%2C%7B%22description_item%22%3A%22F%C3%BCr%20alle%20Personen%20im%20Alltag%20unverzichtbar%22%7D%5D&#8221; text_button=&#8221;zur MVK Versicherung&#8221; link_button=&#8221;url:https%3A%2F%2Fwww.mvk-versicherung.de%2Fde%2Flandingpages%2Ffluewo|title:zur%20Versicherung|target:_blank&#8221; style=&#8221;style2&#8243;][\/vc_column][vc_column width=&#8221;1\/6&#8243;][\/vc_column][vc_column width=&#8221;2\/3&#8243;][vc_empty_space][vc_message message_box_color=&#8221;white&#8221; css=&#8221;&#8221;]<\/p>\n<p style=\"text-align: center;\"><strong>Wichtiger Hinweis:<\/strong><br \/>\nFL\u00dcWO Bau &amp; Service GmbH ist kein Versicherungsvermittler und verkauft keine Versicherungen. Die genannten Informationen dienen der Orientierung. Vertragsabschl\u00fcsse erfolgen ausschlie\u00dflich direkt mit dem Versicherungsunternehmen (z.\u202fB. MVK Versicherungen VVaG).<\/p>\n<p>[\/vc_message][\/vc_column][vc_column width=&#8221;1\/6&#8243;][\/vc_column][\/vc_row]<\/p>\n<\/div>","protected":false},"excerpt":{"rendered":"<p>[vc_row full_width=&#8221;stretch_row_content_no_spaces&#8221; el_id=&#8221;section-home&#8221;][vc_column css=&#8221;.vc_custom_1561985247645{padding-top: 0px !important;}&#8221;][\/vc_column][\/vc_row][vc_row][vc_column css=&#8221;.vc_custom_1611743023282{padding-top: 121px !important;padding-bottom: 0px !important;}&#8221;][vc_row_inner][vc_column_inner width=&#8221;1\/6&#8243; css=&#8221;.vc_custom_1561709366730{padding-top: 0px !important;}&#8221;][\/vc_column_inner][vc_column_inner width=&#8221;2\/3&#8243; ct_column_inner_class=&#8221;rm-padding-lg&#8221; css=&#8221;.vc_custom_1729161752175{padding-top: 0px !important;padding-right: 20px !important;padding-left: 20px !important;}&#8221;][ct_heading text=&#8221;Hausrat- und Haftpflichtschutz&#8221; align_lg=&#8221;align-center&#8221; align_md=&#8221;align-center-md&#8221; align_sm=&#8221;align-center-sm&#8221; align_xs=&#8221;align-center-xs&#8221; font_weight=&#8221;&#8221; font_style=&#8221;&#8221; custom_fonts=&#8221;true&#8221; google_fonts=&#8221;font_family:Lato%3A100%2C100italic%2C300%2C300italic%2Cregular%2Citalic%2C700%2C700italic%2C900%2C900italic|font_style:900%20bold%20regular%3A900%3Anormal&#8221; divider=&#8221;style3&#8243; subtitle=&#8221;Sicher durch den Alltag \u2013 mit dem passenden Schutz&#8221; subtitle_color=&#8221;#7352e3&#8243; description=&#8221;Ein Wasserschaden, ein Wohnungsbrand oder ein kleiner Unfall \u2013 [&hellip;]<\/p>\n","protected":false},"author":1,"featured_media":0,"parent":0,"menu_order":0,"comment_status":"closed","ping_status":"closed","template":"","meta":{"footnotes":""},"class_list":["post-2300","page","type-page","status-publish","hentry"],"_links":{"self":[{"href":"https:\/\/www.fluewo-service.de\/produkte\/wp-json\/wp\/v2\/pages\/2300","targetHints":{"allow":["GET"]}}],"collection":[{"href":"https:\/\/www.fluewo-service.de\/produkte\/wp-json\/wp\/v2\/pages"}],"about":[{"href":"https:\/\/www.fluewo-service.de\/produkte\/wp-json\/wp\/v2\/types\/page"}],"author":[{"embeddable":true,"href":"https:\/\/www.fluewo-service.de\/produkte\/wp-json\/wp\/v2\/users\/1"}],"replies":[{"embeddable":true,"href":"https:\/\/www.fluewo-service.de\/produkte\/wp-json\/wp\/v2\/comments?post=2300"}],"version-history":[{"count":31,"href":"https:\/\/www.fluewo-service.de\/produkte\/wp-json\/wp\/v2\/pages\/2300\/revisions"}],"predecessor-version":[{"id":2358,"href":"https:\/\/www.fluewo-service.de\/produkte\/wp-json\/wp\/v2\/pages\/2300\/revisions\/2358"}],"wp:attachment":[{"href":"https:\/\/www.fluewo-service.de\/produkte\/wp-json\/wp\/v2\/media?parent=2300"}],"curies":[{"name":"wp","href":"https:\/\/api.w.org\/{rel}","templated":true}]}}